{"id":473,"date":"2023-07-07T14:06:45","date_gmt":"2023-07-07T12:06:45","guid":{"rendered":"http:\/\/www.fradelloni.it\/history\/"},"modified":"2026-03-25T13:44:46","modified_gmt":"2026-03-25T11:44:46","slug":"fradelloni-history","status":"publish","type":"page","link":"http:\/\/www.fradelloni.it\/en\/fradelloni-history\/","title":{"rendered":"History"},"content":{"rendered":"<p>[et_pb_section fb_built=&#8221;1&#8243; admin_label=&#8221;Header&#8221; _builder_version=&#8221;4.21.0&#8243; _module_preset=&#8221;default&#8221; background_image=&#8221;http:\/\/www.fradelloni.it\/wp-content\/uploads\/2023\/07\/Fradelloni-1922.jpg&#8221; background_size=&#8221;contain&#8221; background_position=&#8221;center_right&#8221; background_horizontal_offset=&#8221;1%&#8221; custom_margin=&#8221;||||false|false&#8221; custom_padding=&#8221;0px||0px||false|false&#8221; filter_brightness=&#8221;107%&#8221; global_colors_info=&#8221;{}&#8221;][et_pb_row column_structure=&#8221;3_4,1_4&#8243; _builder_version=&#8221;4.27.4&#8243; _module_preset=&#8221;default&#8221; background_color=&#8221;RGBA(255,255,255,0)&#8221; custom_padding=&#8221;0px||0px||true|false&#8221; box_shadow_style=&#8221;preset4&#8243; box_shadow_horizontal=&#8221;-30vw&#8221; box_shadow_vertical=&#8221;0px&#8221; box_shadow_color=&#8221;#ffffff&#8221; global_colors_info=&#8221;{}&#8221;][et_pb_column type=&#8221;3_4&#8243; _builder_version=&#8221;4.21.0&#8243; _module_preset=&#8221;default&#8221; background_color=&#8221;RGBA(255,255,255,0)&#8221; custom_padding=&#8221;60px||160px||false|false&#8221; custom_padding_tablet=&#8221;||20px||false|false&#8221; custom_padding_phone=&#8221;&#8221; custom_padding_last_edited=&#8221;on|phone&#8221; background_color_phone=&#8221;RGBA(255,255,255,0)&#8221; background_last_edited=&#8221;on|phone&#8221; background_enable_color_phone=&#8221;on&#8221; global_colors_info=&#8221;{}&#8221;][et_pb_text _builder_version=&#8221;4.21.0&#8243; _module_preset=&#8221;default&#8221; header_font=&#8221;Bebas Neue||||||||&#8221; header_font_size=&#8221;150px&#8221; header_line_height=&#8221;0.9em&#8221; background_color=&#8221;RGBA(255,255,255,0)&#8221; width_tablet=&#8221;63%&#8221; width_phone=&#8221;78%&#8221; width_last_edited=&#8221;on|tablet&#8221; custom_margin=&#8221;80px|||||&#8221; custom_margin_tablet=&#8221;80px|||||&#8221; custom_margin_phone=&#8221;80px|||-23px|false|false&#8221; custom_margin_last_edited=&#8221;on|phone&#8221; custom_padding=&#8221;|0px||||&#8221; header_font_size_tablet=&#8221;80px&#8221; header_font_size_phone=&#8221;48px&#8221; header_font_size_last_edited=&#8221;on|tablet&#8221; header_line_height_tablet=&#8221;1em&#8221; header_line_height_phone=&#8221;&#8221; header_line_height_last_edited=&#8221;on|desktop&#8221; global_colors_info=&#8221;{}&#8221;]<\/p>\n<h1>more than <span style=\"color: #020040;\">a century<\/span> of history<\/h1>\n<p>[\/et_pb_text][\/et_pb_column][et_pb_column type=&#8221;1_4&#8243; _builder_version=&#8221;4.27.4&#8243; _module_preset=&#8221;default&#8221; custom_padding_tablet=&#8221;50px||||false|false&#8221; custom_padding_phone=&#8221;&#8221; custom_padding_last_edited=&#8221;on|desktop&#8221; global_colors_info=&#8221;{}&#8221;][\/et_pb_column][\/et_pb_row][\/et_pb_section][et_pb_section fb_built=&#8221;1&#8243; admin_label=&#8221;About&#8221; _builder_version=&#8221;4.16&#8243; _module_preset=&#8221;default&#8221; background_enable_color=&#8221;off&#8221; use_background_color_gradient=&#8221;on&#8221; background_color_gradient_stops=&#8221;#f6f6f6 0%|#ffffff 100%&#8221; background_color_gradient_start=&#8221;#f6f6f6&#8243; background_color_gradient_end=&#8221;#ffffff&#8221; custom_padding=&#8221;0px||0px||true|false&#8221; global_colors_info=&#8221;{}&#8221;][et_pb_row _builder_version=&#8221;4.16&#8243; _module_preset=&#8221;default&#8221; global_colors_info=&#8221;{}&#8221;][et_pb_column type=&#8221;4_4&#8243; _builder_version=&#8221;4.16&#8243; _module_preset=&#8221;default&#8221; global_colors_info=&#8221;{}&#8221;][et_pb_text _builder_version=&#8221;4.21.0&#8243; _module_preset=&#8221;default&#8221; text_font=&#8221;||on||||||&#8221; text_font_size=&#8221;20px&#8221; text_line_height=&#8221;1.6em&#8221; header_font=&#8221;||||||||&#8221; header_font_size=&#8221;33px&#8221; custom_margin=&#8221;||14px|||&#8221; text_font_size_tablet=&#8221;18px&#8221; text_font_size_phone=&#8221;16px&#8221; text_font_size_last_edited=&#8221;on|tablet&#8221; locked=&#8221;off&#8221; global_colors_info=&#8221;{}&#8221;]<\/p>\n<h1>HISTORY OF LOGISTICS &amp; TRANSPORTATION<\/h1>\n<p>[\/et_pb_text][et_pb_text _builder_version=&#8221;4.21.0&#8243; _module_preset=&#8221;default&#8221; text_font=&#8221;||||||||&#8221; text_font_size=&#8221;16px&#8221; text_line_height=&#8221;1.8em&#8221; text_font_size_tablet=&#8221;&#8221; text_font_size_phone=&#8221;14px&#8221; text_font_size_last_edited=&#8221;on|phone&#8221; global_colors_info=&#8221;{}&#8221;]<\/p>\n<p><span>Resources and Know How of the staff have always been available to the users, to earn their trust shipment after shipment, day after day, year after year, for over 100 years.<\/span><br class=\"\"><span>Established relationships with customers and the constant acquisition of new ones increase the number of transports in a continuous cycle of growth and renewal.<\/span><\/p>\n<p><span>It was 1920 when the company founded by Raffaele Fradelloni, with the cooperation of his brother Alessandro, began its operations, which continued over the years, first with his son Zizi and then with Vittorio. The company is currently run by his son Vittorio assisted by his sons Raffaele and Riccardo.<\/span><\/p>\n<p>[\/et_pb_text][dnxte_coverflowslider_parent dnxte_coverflow_autoplay_show_hide=&#8221;off&#8221; dnxte_coverflow_auto_height=&#8221;on&#8221; dnxte_coverflow_slide_depth=&#8221;180&#8243; lightbox_showhide=&#8221;on&#8221; _builder_version=&#8221;4.27.4&#8243; _module_preset=&#8221;default&#8221; global_colors_info=&#8221;{}&#8221;][dnxte_coverflowslider_child coverflowslider_image=&#8221;http:\/\/www.fradelloni.it\/wp-content\/uploads\/2023\/07\/Storia-Fradelloni-mezzi.jpg&#8221; _builder_version=&#8221;4.21.0&#8243; _module_preset=&#8221;default&#8221; global_colors_info=&#8221;{}&#8221;][\/dnxte_coverflowslider_child][dnxte_coverflowslider_child coverflowslider_image=&#8221;http:\/\/www.fradelloni.it\/wp-content\/uploads\/2023\/07\/Storia-Fradelloni-Autotrasporti.jpg&#8221; _builder_version=&#8221;4.21.0&#8243; _module_preset=&#8221;default&#8221; global_colors_info=&#8221;{}&#8221;][\/dnxte_coverflowslider_child][dnxte_coverflowslider_child coverflowslider_image=&#8221;http:\/\/www.fradelloni.it\/wp-content\/uploads\/2023\/07\/Storia-Fradelloni-1924.jpg&#8221; _builder_version=&#8221;4.21.0&#8243; _module_preset=&#8221;default&#8221; global_colors_info=&#8221;{}&#8221;][\/dnxte_coverflowslider_child][dnxte_coverflowslider_child coverflowslider_image=&#8221;http:\/\/www.fradelloni.it\/wp-content\/uploads\/2023\/07\/Storia-Fradelloni-1920.jpg&#8221; _builder_version=&#8221;4.21.0&#8243; _module_preset=&#8221;default&#8221; global_colors_info=&#8221;{}&#8221;][\/dnxte_coverflowslider_child][dnxte_coverflowslider_child coverflowslider_image=&#8221;http:\/\/www.fradelloni.it\/wp-content\/uploads\/2023\/07\/Foto-storica-cavalli.jpeg&#8221; _builder_version=&#8221;4.21.0&#8243; _module_preset=&#8221;default&#8221; global_colors_info=&#8221;{}&#8221;][\/dnxte_coverflowslider_child][dnxte_coverflowslider_child coverflowslider_image=&#8221;http:\/\/www.fradelloni.it\/wp-content\/uploads\/2023\/07\/Foto-storia-in-citta.jpeg&#8221; _builder_version=&#8221;4.21.0&#8243; _module_preset=&#8221;default&#8221; global_colors_info=&#8221;{}&#8221;][\/dnxte_coverflowslider_child][dnxte_coverflowslider_child coverflowslider_image=&#8221;http:\/\/www.fradelloni.it\/wp-content\/uploads\/2023\/07\/Foto-storia-1920-Fradelloni-Trasporti.jpeg&#8221; _builder_version=&#8221;4.21.0&#8243; _module_preset=&#8221;default&#8221; global_colors_info=&#8221;{}&#8221;][\/dnxte_coverflowslider_child][\/dnxte_coverflowslider_parent][dnxte_timeline dnxte_triangle_color=&#8221;#020040&#8243; _builder_version=&#8221;4.27.4&#8243; _module_preset=&#8221;default&#8221; identifier_font=&#8221;|700|||||||&#8221; identifier_font_size=&#8221;20px&#8221; custom_margin=&#8221;0px||||false|false&#8221; hover_enabled=&#8221;0&#8243; global_colors_info=&#8221;{}&#8221; sticky_enabled=&#8221;0&#8243;][dnxte_timeline_child timeline_title=&#8221;1922 | Raffaele Fradelloni inizia l&#8217;attivit\u00e0&#8221; timeline_content=&#8221;<\/p>\n<p><span>Raffaele Fradelloni inizia a Cagliari l\u2019attivit\u00e0 di impresario nel settore degli imbarchi, sbarchi e ippotrasporti: si! allora i trasporti si effettuavano con carri trainati da cavalli, in prevalenza per merci destinate al porto di Cagliari o da li provenienti.<\/span><\/p>\n<p><span><\/span><\/p>\n<p>&#8221; timeline_use_image=&#8221;off&#8221; timeline_date=&#8221;1920&#8243; timeline_use_button=&#8221;off&#8221; timeline_bg_color=&#8221;#020040&#8243; _builder_version=&#8221;4.27.4&#8243; _module_preset=&#8221;default&#8221; header_text_color=&#8221;#FFFFFF&#8221; content_text_color=&#8221;#FFFFFF&#8221; hover_enabled=&#8221;0&#8243; box_shadow_style_timeline=&#8221;preset3&#8243; global_colors_info=&#8221;{}&#8221; sticky_enabled=&#8221;0&#8243;][\/dnxte_timeline_child][dnxte_timeline_child timeline_title=&#8221;1950 | i cavalli vengono sostituiti dai camion&#8221; timeline_content=&#8221;<\/p>\n<p><span>I cavalli vengono sostituiti dai camion, prima piccole motrici, successivamente autotreni e autoarticolati. Cambiano i cavalli ma l&#8217;impegno \u00e8 sempre lo stesso. Entra in azienda il figlio Zizi, il cui contributo \u00e8 fondamentale nello sviluppo della Fradelloni, sia nell&#8217;attivit\u00e0 dei trasporti che in quella portuale.<\/span><\/p>\n<p><span><\/span><\/p>\n<p>&#8221; timeline_use_image=&#8221;off&#8221; timeline_date=&#8221;1950&#8243; timeline_use_button=&#8221;off&#8221; timeline_bg_color=&#8221;#FFFFFF&#8221; _builder_version=&#8221;4.27.4&#8243; _module_preset=&#8221;default&#8221; header_text_color=&#8221;#020040&#8243; content_text_color=&#8221;#020040&#8243; background_enable_color=&#8221;off&#8221; hover_enabled=&#8221;0&#8243; box_shadow_style_timeline=&#8221;preset3&#8243; global_colors_info=&#8221;{}&#8221; sticky_enabled=&#8221;0&#8243;][\/dnxte_timeline_child][dnxte_timeline_child timeline_title=&#8221;1965 | Entra in azienda il figlio vittorio&#8221; timeline_content=&#8221;<\/p>\n<p>Dopo la laurea in Economia e Commercio entra nell&#8217;azienda il figlio Vittorio, attuale presidente e amministratore delegato Fradelloni.<\/p>\n<p>&nbsp;<\/p>\n<p>&#8221; timeline_use_image=&#8221;off&#8221; timeline_date=&#8221;1965&#8243; timeline_use_button=&#8221;off&#8221; timeline_bg_color=&#8221;#020040&#8243; _builder_version=&#8221;4.27.4&#8243; _module_preset=&#8221;default&#8221; header_text_color=&#8221;#FFFFFF&#8221; content_text_color=&#8221;#FFFFFF&#8221; hover_enabled=&#8221;0&#8243; box_shadow_style_timeline=&#8221;preset3&#8243; global_colors_info=&#8221;{}&#8221; sticky_enabled=&#8221;0&#8243;][\/dnxte_timeline_child][dnxte_timeline_child timeline_title=&#8221;1968 | primi collegamenti con la penisola con navi traghetto RO.RO.&#8221; timeline_content=&#8221;<\/p>\n<p style=%22text-align: left;%22>Primi collegamenti con la penisola con navi traghetto RO.RO: una vera rivoluzione. Le merci in arrivo e partenza della Sardegna, che prima venivano stivate in motovelieri e piccole navi, vengono caricate su mezzi gommati che. ltrasferiscono dal punto di produzione a destinazione con imbarco su navi traghetto, senza subire alcuna manipolazione. La Fradelloni, con pochi mezzi, inizia i trasporti per la penisola imbarcando sulla linea Cagliari-Genova.<\/p>\n<p style=%22text-align: left;%22>&#8221; timeline_use_image=&#8221;off&#8221; timeline_date=&#8221;1968&#8243; timeline_use_button=&#8221;off&#8221; timeline_bg_color=&#8221;#FFFFFF&#8221; _builder_version=&#8221;4.27.4&#8243; _module_preset=&#8221;default&#8221; header_text_color=&#8221;#020040&#8243; content_text_color=&#8221;#020040&#8243; hover_enabled=&#8221;0&#8243; box_shadow_style_timeline=&#8221;preset3&#8243; global_colors_info=&#8221;{}&#8221; sticky_enabled=&#8221;0&#8243;][\/dnxte_timeline_child][dnxte_timeline_child timeline_title=&#8221;1988 | fradellloni ottiene dal ministero della marina mercantile l&#8217;autorizzazione a trasportare via mare fumi di acciaieria&#8221; timeline_content=&#8221;<\/p>\n<p>La Fradelloni, tra le prima in Sardegna e in Italia, inziia il trasporto di rifiuti con autoirzzazioni non solo nella Regione sardegna ma anche in Lombardia , Veneto, Piemonte, Liguria e Toscana. Ottiene anche dal ministero della Marina mercantile l&#8217;autorizzazione a trasportare vi amare fumi di acciaieria con semirimorchi ribaltabili.<\/p>\n<p>&nbsp;<\/p>\n<p>&#8221; timeline_use_image=&#8221;off&#8221; timeline_date=&#8221;1988&#8243; timeline_use_button=&#8221;off&#8221; timeline_bg_color=&#8221;#020040&#8243; _builder_version=&#8221;4.27.4&#8243; _module_preset=&#8221;default&#8221; header_text_color=&#8221;#FFFFFF&#8221; content_text_color=&#8221;#FFFFFF&#8221; hover_enabled=&#8221;0&#8243; box_shadow_style_timeline=&#8221;preset3&#8243; global_colors_info=&#8221;{}&#8221; sticky_enabled=&#8221;0&#8243;][\/dnxte_timeline_child][dnxte_timeline_child timeline_title=&#8221;1991 | Fradelloni trasporti intermodali mediante casse mobili&#8221; timeline_content=&#8221;<\/p>\n<p>La Fradelloni acquista le prime casse mobili con le quali effettua anche trasporti intermodali Strada &#8211; Mate &#8211; Ferrovia.<\/p>\n<p>&nbsp;<\/p>\n<p>&#8221; timeline_use_image=&#8221;off&#8221; timeline_date=&#8221;1991&#8243; timeline_use_button=&#8221;off&#8221; timeline_bg_color=&#8221;#FFFFFF&#8221; _builder_version=&#8221;4.27.4&#8243; _module_preset=&#8221;default&#8221; header_text_color=&#8221;#020040&#8243; content_text_color=&#8221;#020040&#8243; hover_enabled=&#8221;0&#8243; box_shadow_style_timeline=&#8221;preset3&#8243; global_colors_info=&#8221;{}&#8221; sticky_enabled=&#8221;0&#8243;][\/dnxte_timeline_child][dnxte_timeline_child timeline_title=&#8221;1995 | Acquisto Agenzia marittima Vespa&#8221; timeline_content=&#8221;<\/p>\n<p>La Fradelloni cresce con l&#8217;acquisto dell&#8217;Agenzia marittima Vespa, storica Azienda di spedizioni tra le pi\u00f9 importanti in Sardegna. La societ\u00e0 verr\u00e0 poi incorporata nella Fradelloni.<\/p>\n<p>&nbsp;<\/p>\n<p>&#8221; timeline_use_image=&#8221;off&#8221; timeline_date=&#8221;1995&#8243; timeline_use_button=&#8221;off&#8221; timeline_bg_color=&#8221;#020040&#8243; _builder_version=&#8221;4.27.4&#8243; _module_preset=&#8221;default&#8221; header_text_color=&#8221;#FFFFFF&#8221; content_text_color=&#8221;#FFFFFF&#8221; hover_enabled=&#8221;0&#8243; box_shadow_style_timeline=&#8221;preset3&#8243; global_colors_info=&#8221;{}&#8221; sticky_enabled=&#8221;0&#8243;][\/dnxte_timeline_child][dnxte_timeline_child timeline_title=&#8221;2005 | Maggiore rispetto per l&#8217;ambiente&#8221; timeline_content=&#8221;<\/p>\n<p>Acquisto dei primi contenitori Bulk Container, necessari per un maggiore rispetto dell&#8217;ambiente sul trasporto via mare delle merci pericolose alla rinfusa e dei rifiuti.<\/p>\n<p>&nbsp;<\/p>\n<p>&#8221; timeline_use_image=&#8221;off&#8221; timeline_date=&#8221;2005&#8243; timeline_use_button=&#8221;off&#8221; timeline_bg_color=&#8221;#FFFFFF&#8221; _builder_version=&#8221;4.27.4&#8243; _module_preset=&#8221;default&#8221; header_text_color=&#8221;#020040&#8243; content_text_color=&#8221;#020040&#8243; hover_enabled=&#8221;0&#8243; box_shadow_style_timeline=&#8221;preset3&#8243; global_colors_info=&#8221;{}&#8221; sticky_enabled=&#8221;0&#8243;][\/dnxte_timeline_child][dnxte_timeline_child timeline_title=&#8221;2013 | Un&#8217;Azienda consolidata, al servizio dei trasporti e della logistica&#8221; timeline_content=&#8221;<\/p>\n<p>A sei anni dall&#8217;acquisto del terreno situato in Loc. Porto Canale di Cagliari, la Fradelloni pu\u00f2 finalmente costruire il nuovo stabilimento dove dall&#8217;Agosto dello stesso anno vengono trasferiti uffici amministrativi, operativi e sede legale.<\/p>\n<p>&nbsp;<\/p>\n<p>&#8221; timeline_use_image=&#8221;off&#8221; timeline_date=&#8221;2013&#8243; timeline_use_button=&#8221;off&#8221; timeline_bg_color=&#8221;#020040&#8243; _builder_version=&#8221;4.27.4&#8243; _module_preset=&#8221;default&#8221; header_text_color=&#8221;#FFFFFF&#8221; content_text_color=&#8221;#FFFFFF&#8221; hover_enabled=&#8221;0&#8243; box_shadow_style_timeline=&#8221;preset3&#8243; global_colors_info=&#8221;{}&#8221; sticky_enabled=&#8221;0&#8243;][\/dnxte_timeline_child][dnxte_timeline_child timeline_title=&#8221;2022 | 100 ANNI DI STORIA&#8221; timeline_content=&#8221;<\/p>\n<p><span>Nel 2022, Fradelloni ha celebrato con orgoglio un secolo di storia nel settore dei trasporti e della logistica. Cento anni di esperienza, dedizione e innovazione che hanno segnato un percorso di crescita costante, radicandosi profondamente nel territorio e guardando sempre al futuro con rinnovato impegno.<\/span><\/p>\n<p><span><\/span><\/p>\n<p>&#8221; timeline_use_image=&#8221;off&#8221; timeline_date=&#8221;2022&#8243; timeline_use_button=&#8221;off&#8221; timeline_bg_color=&#8221;#020040&#8243; _builder_version=&#8221;4.27.4&#8243; _module_preset=&#8221;default&#8221; header_text_color=&#8221;#FFFFFF&#8221; content_text_color=&#8221;#FFFFFF&#8221; hover_enabled=&#8221;0&#8243; box_shadow_style_timeline=&#8221;preset3&#8243; global_colors_info=&#8221;{}&#8221; sticky_enabled=&#8221;0&#8243;][\/dnxte_timeline_child][dnxte_timeline_child timeline_title=&#8221;2024 | trasporti sostenibili&#8221; timeline_content=&#8221;<\/p>\n<p><span class=%22rnc2Gd%22>Il 2024 segna un traguardo fondamentale per Fradelloni, con la completa conversione della nostra flotta da gasolio a HVO (Olio Vegetale Idrogenato). Questa scelta strategica sottolinea il nostro forte impegno verso la sostenibilit\u00e0 e la riduzione dell&#8217;impatto ambientale. L&#8217;adozione dell&#8217;HVO, un carburante rinnovabile, ci permette di diminuire significativamente le emissioni di CO2, contribuendo a un futuro pi\u00f9 pulito per il settore della logistica e per i territori in cui operiamo.<\/span><\/p>\n<div class=%22gWqWw rnc2Gd%22><\/div>\n<div class=%22gWqWw rnc2Gd%22><\/div>\n<p>&#8221; timeline_use_image=&#8221;off&#8221; timeline_date=&#8221;2024&#8243; timeline_use_button=&#8221;off&#8221; timeline_bg_color=&#8221;#020040&#8243; _builder_version=&#8221;4.27.4&#8243; _module_preset=&#8221;default&#8221; header_text_color=&#8221;#FFFFFF&#8221; content_text_color=&#8221;#FFFFFF&#8221; hover_enabled=&#8221;0&#8243; box_shadow_style_timeline=&#8221;preset3&#8243; global_colors_info=&#8221;{}&#8221; sticky_enabled=&#8221;0&#8243;][\/dnxte_timeline_child][\/dnxte_timeline][\/et_pb_column][\/et_pb_row][\/et_pb_section]<\/p>\n","protected":false},"excerpt":{"rendered":"<p>more than a century of historyHISTORY OF LOGISTICS &amp; TRANSPORTATIONResources and Know How of the staff have always been available to the users, to earn their trust shipment after shipment, [&hellip;]<\/p>\n","protected":false},"author":1,"featured_media":0,"parent":0,"menu_order":0,"comment_status":"closed","ping_status":"closed","template":"","meta":{"_et_pb_use_builder":"on","_et_pb_old_content":"","_et_gb_content_width":"","footnotes":""},"class_list":["post-473","page","type-page","status-publish","hentry"],"yoast_head":"<!-- This site is optimized with the Yoast SEO plugin v27.5 - https:\/\/yoast.com\/product\/yoast-seo-wordpress\/ -->\n<title>History logistics company - Fradelloni Trasporti Spa<\/title>\n<meta name=\"description\" content=\"History Fradelloni logistics company: a path of growth in the logistics and transportation industry, based on experience.\" \/>\n<meta name=\"robots\" content=\"index, follow, max-snippet:-1, max-image-preview:large, max-video-preview:-1\" \/>\n<link rel=\"canonical\" href=\"http:\/\/www.fradelloni.it\/en\/fradelloni-history\/\" \/>\n<meta property=\"og:locale\" content=\"en_US\" \/>\n<meta property=\"og:type\" content=\"article\" \/>\n<meta property=\"og:title\" content=\"History logistics company - Fradelloni Trasporti Spa\" \/>\n<meta property=\"og:description\" content=\"History Fradelloni logistics company: a path of growth in the logistics and transportation industry, based on experience.\" \/>\n<meta property=\"og:url\" content=\"http:\/\/www.fradelloni.it\/en\/fradelloni-history\/\" \/>\n<meta property=\"og:site_name\" content=\"Fradelloni Trasporti Spa\" \/>\n<meta property=\"article:modified_time\" content=\"2026-03-25T11:44:46+00:00\" \/>\n<meta name=\"twitter:card\" content=\"summary_large_image\" \/>\n<meta name=\"twitter:label1\" content=\"Est. reading time\" \/>\n\t<meta name=\"twitter:data1\" content=\"9 minutes\" \/>\n<script type=\"application\/ld+json\" class=\"yoast-schema-graph\">{\"@context\":\"https:\\\/\\\/schema.org\",\"@graph\":[{\"@type\":\"WebPage\",\"@id\":\"http:\\\/\\\/www.fradelloni.it\\\/en\\\/fradelloni-history\\\/\",\"url\":\"http:\\\/\\\/www.fradelloni.it\\\/en\\\/fradelloni-history\\\/\",\"name\":\"History logistics company - Fradelloni Trasporti Spa\",\"isPartOf\":{\"@id\":\"https:\\\/\\\/www.fradelloni.it\\\/en\\\/#website\"},\"datePublished\":\"2023-07-07T12:06:45+00:00\",\"dateModified\":\"2026-03-25T11:44:46+00:00\",\"description\":\"History Fradelloni logistics company: a path of growth in the logistics and transportation industry, based on experience.\",\"breadcrumb\":{\"@id\":\"http:\\\/\\\/www.fradelloni.it\\\/en\\\/fradelloni-history\\\/#breadcrumb\"},\"inLanguage\":\"en-US\",\"potentialAction\":[{\"@type\":\"ReadAction\",\"target\":[\"http:\\\/\\\/www.fradelloni.it\\\/en\\\/fradelloni-history\\\/\"]}]},{\"@type\":\"BreadcrumbList\",\"@id\":\"http:\\\/\\\/www.fradelloni.it\\\/en\\\/fradelloni-history\\\/#breadcrumb\",\"itemListElement\":[{\"@type\":\"ListItem\",\"position\":1,\"name\":\"Home\",\"item\":\"http:\\\/\\\/www.fradelloni.it\\\/en\\\/\"},{\"@type\":\"ListItem\",\"position\":2,\"name\":\"History\"}]},{\"@type\":\"WebSite\",\"@id\":\"https:\\\/\\\/www.fradelloni.it\\\/en\\\/#website\",\"url\":\"https:\\\/\\\/www.fradelloni.it\\\/en\\\/\",\"name\":\"Fradelloni Trasporti Spa\",\"description\":\"Dal 1922 al vostro servizio\",\"potentialAction\":[{\"@type\":\"SearchAction\",\"target\":{\"@type\":\"EntryPoint\",\"urlTemplate\":\"https:\\\/\\\/www.fradelloni.it\\\/en\\\/?s={search_term_string}\"},\"query-input\":{\"@type\":\"PropertyValueSpecification\",\"valueRequired\":true,\"valueName\":\"search_term_string\"}}],\"inLanguage\":\"en-US\"}]}<\/script>\n<!-- \/ Yoast SEO plugin. -->","yoast_head_json":{"title":"History logistics company - Fradelloni Trasporti Spa","description":"History Fradelloni logistics company: a path of growth in the logistics and transportation industry, based on experience.","robots":{"index":"index","follow":"follow","max-snippet":"max-snippet:-1","max-image-preview":"max-image-preview:large","max-video-preview":"max-video-preview:-1"},"canonical":"http:\/\/www.fradelloni.it\/en\/fradelloni-history\/","og_locale":"en_US","og_type":"article","og_title":"History logistics company - Fradelloni Trasporti Spa","og_description":"History Fradelloni logistics company: a path of growth in the logistics and transportation industry, based on experience.","og_url":"http:\/\/www.fradelloni.it\/en\/fradelloni-history\/","og_site_name":"Fradelloni Trasporti Spa","article_modified_time":"2026-03-25T11:44:46+00:00","twitter_card":"summary_large_image","twitter_misc":{"Est. reading time":"9 minutes"},"schema":{"@context":"https:\/\/schema.org","@graph":[{"@type":"WebPage","@id":"http:\/\/www.fradelloni.it\/en\/fradelloni-history\/","url":"http:\/\/www.fradelloni.it\/en\/fradelloni-history\/","name":"History logistics company - Fradelloni Trasporti Spa","isPartOf":{"@id":"https:\/\/www.fradelloni.it\/en\/#website"},"datePublished":"2023-07-07T12:06:45+00:00","dateModified":"2026-03-25T11:44:46+00:00","description":"History Fradelloni logistics company: a path of growth in the logistics and transportation industry, based on experience.","breadcrumb":{"@id":"http:\/\/www.fradelloni.it\/en\/fradelloni-history\/#breadcrumb"},"inLanguage":"en-US","potentialAction":[{"@type":"ReadAction","target":["http:\/\/www.fradelloni.it\/en\/fradelloni-history\/"]}]},{"@type":"BreadcrumbList","@id":"http:\/\/www.fradelloni.it\/en\/fradelloni-history\/#breadcrumb","itemListElement":[{"@type":"ListItem","position":1,"name":"Home","item":"http:\/\/www.fradelloni.it\/en\/"},{"@type":"ListItem","position":2,"name":"History"}]},{"@type":"WebSite","@id":"https:\/\/www.fradelloni.it\/en\/#website","url":"https:\/\/www.fradelloni.it\/en\/","name":"Fradelloni Trasporti Spa","description":"Dal 1922 al vostro servizio","potentialAction":[{"@type":"SearchAction","target":{"@type":"EntryPoint","urlTemplate":"https:\/\/www.fradelloni.it\/en\/?s={search_term_string}"},"query-input":{"@type":"PropertyValueSpecification","valueRequired":true,"valueName":"search_term_string"}}],"inLanguage":"en-US"}]}},"_links":{"self":[{"href":"http:\/\/www.fradelloni.it\/en\/wp-json\/wp\/v2\/pages\/473","targetHints":{"allow":["GET"]}}],"collection":[{"href":"http:\/\/www.fradelloni.it\/en\/wp-json\/wp\/v2\/pages"}],"about":[{"href":"http:\/\/www.fradelloni.it\/en\/wp-json\/wp\/v2\/types\/page"}],"author":[{"embeddable":true,"href":"http:\/\/www.fradelloni.it\/en\/wp-json\/wp\/v2\/users\/1"}],"replies":[{"embeddable":true,"href":"http:\/\/www.fradelloni.it\/en\/wp-json\/wp\/v2\/comments?post=473"}],"version-history":[{"count":29,"href":"http:\/\/www.fradelloni.it\/en\/wp-json\/wp\/v2\/pages\/473\/revisions"}],"predecessor-version":[{"id":1470,"href":"http:\/\/www.fradelloni.it\/en\/wp-json\/wp\/v2\/pages\/473\/revisions\/1470"}],"wp:attachment":[{"href":"http:\/\/www.fradelloni.it\/en\/wp-json\/wp\/v2\/media?parent=473"}],"curies":[{"name":"wp","href":"https:\/\/api.w.org\/{rel}","templated":true}]}}